{"id":7987,"date":"2020-04-06T09:23:18","date_gmt":"2020-04-06T09:23:18","guid":{"rendered":"http:\/\/napamermaidhotel.com\/?page_id=7987"},"modified":"2020-06-04T07:46:15","modified_gmt":"2020-06-04T07:46:15","slug":"main-wedding-menu","status":"publish","type":"page","link":"https:\/\/napamermaidhotel.com\/de\/main-wedding-menu\/","title":{"rendered":"Main Wedding Menu"},"content":{"rendered":"<p class=\"qtranxs-available-languages-message qtranxs-available-languages-message-de\">Leider ist der Eintrag nur auf <a href=\"https:\/\/napamermaidhotel.com\/en\/wp-json\/wp\/v2\/pages\/7987\" class=\"qtranxs-available-language-link qtranxs-available-language-link-en\" title=\"English\">Amerikanisches Englisch<\/a> verf\u00fcgbar. Der Inhalt wird unten in einer verf\u00fcgbaren Sprache angezeigt. Klicken Sie auf den Link, um die aktuelle Sprache zu \u00e4ndern.<\/p><p>[vc_row full_width=&#8220;stretch_row_content_no_spaces&#8220;][vc_column][vc_single_image image=&#8220;8432&#8243; img_size=&#8220;full&#8220; alignment=&#8220;center&#8220;][\/vc_column][\/vc_row][vc_row][vc_column][vc_column_text]<br \/>\n[vc_row][vc_column][vc_column_text]<\/p>\n<h2 style=\"text-align: center;\">Main Wedding Menu&#8217;s<\/h2>\n<p>[\/vc_column_text][\/vc_column][\/vc_row][vc_row][vc_column width=&#8220;1\/3&#8243;][vc_column_text]<\/p>\n<h3 style=\"text-align: center;\">Menu #1<\/h3>\n<p style=\"text-align: center;\">(Minimum 10 persons)<\/p>\n<p style=\"text-align: center;\">Cream of Tomato Soup\u00a0flavored with Basil &amp; served with Croutons<\/p>\n<p style=\"text-align: center;\">&#8230;&#8230;.<\/p>\n<p style=\"text-align: center;\">Medallion of Pork served with Brown &amp; Sage Sauce, Croquette Potatoes &amp; Seasonal Vegetables<\/p>\n<p style=\"text-align: center;\">&#8230;&#8230;.<\/p>\n<p style=\"text-align: center;\">Vanilla Ice Cream with Fresh Fruit Salad<\/p>\n<p style=\"text-align: center;\">&#8230;&#8230;.<\/p>\n<p style=\"text-align: center;\">Coffee<\/p>\n<p style=\"text-align: center;\">&#8230;&#8230;.<\/p>\n<p style=\"text-align: center;\">Petit Fours<\/p>\n<p>[\/vc_column_text][\/vc_column][vc_column width=&#8220;1\/3&#8243;][vc_column_text]<\/p>\n<h3 style=\"text-align: center;\">Menu #2<\/h3>\n<p style=\"text-align: center;\">(Minimum 10 persons)<\/p>\n<p style=\"text-align: center;\">Cream of Asparagus Soup<\/p>\n<p style=\"text-align: center;\">&#8230;&#8230;.<\/p>\n<p style=\"text-align: center;\">Roasted Rack of Lamb With Herbs crust,\u00a0\u00a0 served with Gravy &amp; Mint Sauce, American Style Potatoes &amp;\u00a0Seasonal Vegetables<\/p>\n<p style=\"text-align: center;\">&#8230;&#8230;.<\/p>\n<p style=\"text-align: center;\">Fruit Tart<\/p>\n<p style=\"text-align: center;\">&#8230;&#8230;.<\/p>\n<p style=\"text-align: center;\">Coffee<\/p>\n<p style=\"text-align: center;\">&#8230;&#8230;.<\/p>\n<p style=\"text-align: center;\">Petit Fours<\/p>\n<p>[\/vc_column_text][\/vc_column][vc_column width=&#8220;1\/3&#8243;][vc_column_text]<\/p>\n<h3 style=\"text-align: center;\">Menu #3<\/h3>\n<p style=\"text-align: center;\">Avocado with Tomato &amp; Mozzarella Cheese<\/p>\n<p style=\"text-align: center;\">&#8230;&#8230;.<\/p>\n<p style=\"text-align: center;\">Stuffed Chicken Breast with King Prawns served With Lobster Sauce, Timbale Rice &amp; Seasonal Vegetables<\/p>\n<p style=\"text-align: center;\">&#8230;&#8230;.<\/p>\n<p style=\"text-align: center;\">Chocolate Mousse<\/p>\n<p style=\"text-align: center;\">&#8230;&#8230;.<\/p>\n<p style=\"text-align: center;\">Coffee<\/p>\n<p style=\"text-align: center;\">&#8230;&#8230;.<\/p>\n<p style=\"text-align: center;\">Petit Fours<\/p>\n<p>[\/vc_column_text][\/vc_column][\/vc_row][vc_row full_width=&#8220;stretch_row_content&#8220; css=&#8220;.vc_custom_1586165739469{background-color: #f4f4f4 !important;}&#8220;][vc_column width=&#8220;1\/3&#8243;][vc_column_text]<\/p>\n<h3 style=\"text-align: center;\">Menu #4<\/h3>\n<p style=\"text-align: center;\">Melon with Prosciutto<\/p>\n<p style=\"text-align: center;\">&#8230;&#8230;.<\/p>\n<p style=\"text-align: center;\">Braised Salmon with Coriander Sauce served with Parsley Potatoes &amp; Seasonal Vegetables<\/p>\n<p style=\"text-align: center;\">&#8230;&#8230;.<\/p>\n<p style=\"text-align: center;\">Golden Tulip with Chocolate Ice Cream<\/p>\n<p style=\"text-align: center;\">&#8230;&#8230;.<\/p>\n<p style=\"text-align: center;\">Coffee<\/p>\n<p style=\"text-align: center;\">&#8230;&#8230;.<\/p>\n<p style=\"text-align: center;\">Petit Fours<\/p>\n<p>[\/vc_column_text][\/vc_column][vc_column width=&#8220;1\/3&#8243;][vc_column_text]<\/p>\n<h3 style=\"text-align: center;\">Menu #5<\/h3>\n<p style=\"text-align: center;\">Prawn Cocktail with Cocktail Sauce<\/p>\n<p style=\"text-align: center;\">&#8230;&#8230;.<\/p>\n<p style=\"text-align: center;\">Fillet of Beef with Mushroom &amp; Brandy Sauce served with Croquette Potatoes &amp; Seasonal Vegetables<\/p>\n<p style=\"text-align: center;\">&#8230;&#8230;.<\/p>\n<p style=\"text-align: center;\">Apple Pie with Vanilla Ice Cream<\/p>\n<p style=\"text-align: center;\">&#8230;&#8230;.<\/p>\n<p style=\"text-align: center;\">Coffee<\/p>\n<p style=\"text-align: center;\">&#8230;&#8230;.<\/p>\n<p style=\"text-align: center;\">Petit Fours<\/p>\n<p>[\/vc_column_text][\/vc_column][vc_column width=&#8220;1\/3&#8243;][vc_column_text]<\/p>\n<h3 style=\"text-align: center;\">Menu #6<\/h3>\n<p style=\"text-align: center;\">Smoked Salmon Roses with Shrimp Salad on Yoghurt Sauce<\/p>\n<p style=\"text-align: center;\">&#8230;&#8230;<\/p>\n<p style=\"text-align: center;\">Tomato &amp; Spinach Soup Flavored With Vodka<\/p>\n<p style=\"text-align: center;\">&#8230;&#8230;.<\/p>\n<p style=\"text-align: center;\">Roast Duckling with Orange Sauce,\u00a0 Mashed Potatoes with Red Pimentos &amp; Seasonal Vegetables<\/p>\n<p style=\"text-align: center;\">&#8230;&#8230;.<\/p>\n<p style=\"text-align: center;\">Kateifi &amp; Paklava Tulips filled with Pistachio &amp; Chocolate Ice Cream on Homemade Coulis<\/p>\n<p style=\"text-align: center;\">&#8230;&#8230;.<\/p>\n<p style=\"text-align: center;\">Coffee<\/p>\n<p style=\"text-align: center;\">&#8230;&#8230;.<\/p>\n<p style=\"text-align: center;\">Petit Fours<\/p>\n<p>[\/vc_column_text][\/vc_column][\/vc_row][vc_row][vc_column width=&#8220;1\/3&#8243;][vc_column_text]<\/p>\n<h3 style=\"text-align: center;\">Menu #7<\/h3>\n<p style=\"text-align: center;\">Smoked Duck with Apple Salad &amp; Raspberry Sauce<\/p>\n<p style=\"text-align: center;\">&#8230;&#8230;.<\/p>\n<p style=\"text-align: center;\">Game Consomme<\/p>\n<p style=\"text-align: center;\">&#8230;&#8230;.<\/p>\n<p style=\"text-align: center;\">King Prawns with Pernod served with Saffron Rice &amp; Seasonal Vegetables<\/p>\n<p style=\"text-align: center;\">&#8230;&#8230;.<\/p>\n<p style=\"text-align: center;\">Classical Crepe Suzette<\/p>\n<p style=\"text-align: center;\">&#8230;&#8230;.<\/p>\n<p style=\"text-align: center;\">Coffee<\/p>\n<p style=\"text-align: center;\">&#8230;&#8230;.<\/p>\n<p style=\"text-align: center;\">Petit Fours<\/p>\n<p>[\/vc_column_text][\/vc_column][vc_column width=&#8220;1\/3&#8243;][\/vc_column][vc_column width=&#8220;1\/3&#8243;][\/vc_column][\/vc_row]<\/p>","protected":false},"excerpt":{"rendered":"<p>Leider ist der Eintrag nur auf Amerikanisches Englisch verf\u00fcgbar. Der Inhalt wird unten in einer verf\u00fcgbaren Sprache angezeigt. Klicken Sie auf den Link, um die aktuelle Sprache zu \u00e4ndern.[vc_row full_width=&#8220;stretch_row_content_no_spaces&#8220;][vc_column][vc_single_image image=&#8220;8432&#8243; img_size=&#8220;full&#8220; alignment=&#8220;center&#8220;][\/vc_column][\/vc_row][vc_row][vc_column][vc_column_text] [vc_row][vc_column][vc_column_text] Main Wedding Menu&#8217;s [\/vc_column_text][\/vc_column][\/vc_row][vc_row][vc_column width=&#8220;1\/3&#8243;][vc_column_text] Menu #1 (Minimum 10 persons) Cream of Tomato Soup\u00a0flavored with Basil &amp; served with Croutons &#8230;&#8230;. [&hellip;]<\/p>\n","protected":false},"author":1,"featured_media":0,"parent":0,"menu_order":0,"comment_status":"closed","ping_status":"closed","template":"","meta":{"footnotes":""},"_links":{"self":[{"href":"https:\/\/napamermaidhotel.com\/de\/wp-json\/wp\/v2\/pages\/7987"}],"collection":[{"href":"https:\/\/napamermaidhotel.com\/de\/wp-json\/wp\/v2\/pages"}],"about":[{"href":"https:\/\/napamermaidhotel.com\/de\/wp-json\/wp\/v2\/types\/page"}],"author":[{"embeddable":true,"href":"https:\/\/napamermaidhotel.com\/de\/wp-json\/wp\/v2\/users\/1"}],"replies":[{"embeddable":true,"href":"https:\/\/napamermaidhotel.com\/de\/wp-json\/wp\/v2\/comments?post=7987"}],"version-history":[{"count":9,"href":"https:\/\/napamermaidhotel.com\/de\/wp-json\/wp\/v2\/pages\/7987\/revisions"}],"predecessor-version":[{"id":8740,"href":"https:\/\/napamermaidhotel.com\/de\/wp-json\/wp\/v2\/pages\/7987\/revisions\/8740"}],"wp:attachment":[{"href":"https:\/\/napamermaidhotel.com\/de\/wp-json\/wp\/v2\/media?parent=7987"}],"curies":[{"name":"wp","href":"https:\/\/api.w.org\/{rel}","templated":true}]}}