{"id":8027,"date":"2020-04-06T10:51:54","date_gmt":"2020-04-06T10:51:54","guid":{"rendered":"http:\/\/napamermaidhotel.com\/?page_id=8027"},"modified":"2020-06-04T07:43:51","modified_gmt":"2020-06-04T07:43:51","slug":"create-your-own-menu","status":"publish","type":"page","link":"https:\/\/napamermaidhotel.com\/de\/create-your-own-menu\/","title":{"rendered":"Create your own menu"},"content":{"rendered":"<p class=\"qtranxs-available-languages-message qtranxs-available-languages-message-de\">Leider ist der Eintrag nur auf <a href=\"https:\/\/napamermaidhotel.com\/en\/wp-json\/wp\/v2\/pages\/8027\" class=\"qtranxs-available-language-link qtranxs-available-language-link-en\" title=\"English\">Amerikanisches Englisch<\/a> verf\u00fcgbar. Der Inhalt wird unten in einer verf\u00fcgbaren Sprache angezeigt. Klicken Sie auf den Link, um die aktuelle Sprache zu \u00e4ndern.<\/p><p>[vc_row full_width=&#8220;stretch_row_content_no_spaces&#8220;][vc_column][vc_single_image image=&#8220;8432&#8243; img_size=&#8220;full&#8220; alignment=&#8220;center&#8220;][\/vc_column][\/vc_row][vc_row][vc_column][vc_column_text][vc_row][vc_column][vc_column_text]<\/p>\n<h2 style=\"text-align: center;\">Create your own Menu<\/h2>\n<p>[\/vc_column_text][\/vc_column][\/vc_row][vc_row][vc_column width=&#8220;1\/3&#8243;][vc_column_text]<\/p>\n<h3 style=\"text-align: center;\"><strong>Cold Starters<\/strong><\/h3>\n<p style=\"text-align: center;\">Avocado with Tomato &amp; Mozzarella Cheese<br \/>\nMelon with Prosciutto<br \/>\nPrawn Cocktail<br \/>\nSmoked Salmon<br \/>\nPotato &amp; Smoked Fish in Fillo with Dill Parmesan<\/p>\n<p>[\/vc_column_text][\/vc_column][vc_column width=&#8220;1\/3&#8243;][vc_column_text]<\/p>\n<h3 style=\"text-align: center;\"><strong>Hot Starters<\/strong><\/h3>\n<p style=\"text-align: center;\">Canelloni with Spinach &amp; Fetta on Tomato Sauce<br \/>\nVol Au Vent with Chicken<br \/>\nSalmon Mille Feuille on Parsley Sauce<br \/>\nVegetable Spring Rolls with Sweet &amp; Sour Sauce<br \/>\nGarlic Butterfly Prawns<\/p>\n<p>[\/vc_column_text][\/vc_column][vc_column width=&#8220;1\/3&#8243;][vc_column_text]<\/p>\n<h3 style=\"text-align: center;\"><strong>Soups<\/strong><\/h3>\n<p style=\"text-align: center;\">Cream of Tomato flavored with Basil<br \/>\nCream of Asparagus Soup<br \/>\nCreamy Almond Soup<br \/>\nLobster Bisgue Soup<br \/>\nGame consomme<\/p>\n<p>[\/vc_column_text][\/vc_column][\/vc_row][vc_row][vc_column width=&#8220;1\/2&#8243;][vc_column_text]<\/p>\n<h3 style=\"text-align: center;\"><strong>Main Courses <\/strong><\/h3>\n<p style=\"text-align: center;\">Roasted Pork Loin Stuffed Wuth Prunes<br \/>\nBreast of Chicken with Light Creamy Curry Sauce<br \/>\nBraised Salmon with Champagne Sauce<br \/>\nFillet of Beef with Mushroom &amp; Brandy Sauce<br \/>\nRoast Duckling with Orange Sauce<br \/>\nKing Prawns with Pernod<\/p>\n<p>[\/vc_column_text][\/vc_column][vc_column width=&#8220;1\/2&#8243;][vc_column_text]<\/p>\n<h3 style=\"text-align: center;\"><strong>Desserts &amp; Fruits<\/strong><\/h3>\n<p style=\"text-align: center;\">Coupe Jacque<br \/>\nPeach Melba<br \/>\nFruit Tart<br \/>\nVanilla &amp; Strawberry Mousse<br \/>\nGolden Tulip with Chocolate Ice Cream<br \/>\nApple Pie with Vanilla Ice Cream<br \/>\nClassical Crepe Suzette<\/p>\n<p>[\/vc_column_text][\/vc_column][\/vc_row]<\/p>","protected":false},"excerpt":{"rendered":"<p>Leider ist der Eintrag nur auf Amerikanisches Englisch verf\u00fcgbar. Der Inhalt wird unten in einer verf\u00fcgbaren Sprache angezeigt. Klicken Sie auf den Link, um die aktuelle Sprache zu \u00e4ndern.[vc_row full_width=&#8220;stretch_row_content_no_spaces&#8220;][vc_column][vc_single_image image=&#8220;8432&#8243; img_size=&#8220;full&#8220; alignment=&#8220;center&#8220;][\/vc_column][\/vc_row][vc_row][vc_column][vc_column_text][vc_row][vc_column][vc_column_text] Create your own Menu [\/vc_column_text][\/vc_column][\/vc_row][vc_row][vc_column width=&#8220;1\/3&#8243;][vc_column_text] Cold Starters Avocado with Tomato &amp; Mozzarella Cheese Melon with Prosciutto Prawn Cocktail Smoked Salmon Potato [&hellip;]<\/p>\n","protected":false},"author":1,"featured_media":0,"parent":0,"menu_order":0,"comment_status":"closed","ping_status":"closed","template":"","meta":{"footnotes":""},"_links":{"self":[{"href":"https:\/\/napamermaidhotel.com\/de\/wp-json\/wp\/v2\/pages\/8027"}],"collection":[{"href":"https:\/\/napamermaidhotel.com\/de\/wp-json\/wp\/v2\/pages"}],"about":[{"href":"https:\/\/napamermaidhotel.com\/de\/wp-json\/wp\/v2\/types\/page"}],"author":[{"embeddable":true,"href":"https:\/\/napamermaidhotel.com\/de\/wp-json\/wp\/v2\/users\/1"}],"replies":[{"embeddable":true,"href":"https:\/\/napamermaidhotel.com\/de\/wp-json\/wp\/v2\/comments?post=8027"}],"version-history":[{"count":5,"href":"https:\/\/napamermaidhotel.com\/de\/wp-json\/wp\/v2\/pages\/8027\/revisions"}],"predecessor-version":[{"id":8731,"href":"https:\/\/napamermaidhotel.com\/de\/wp-json\/wp\/v2\/pages\/8027\/revisions\/8731"}],"wp:attachment":[{"href":"https:\/\/napamermaidhotel.com\/de\/wp-json\/wp\/v2\/media?parent=8027"}],"curies":[{"name":"wp","href":"https:\/\/api.w.org\/{rel}","templated":true}]}}