{"id":8798,"date":"2020-07-02T08:58:27","date_gmt":"2020-07-02T08:58:27","guid":{"rendered":"https:\/\/napamermaidhotel.com\/?page_id=8798"},"modified":"2020-07-02T09:12:31","modified_gmt":"2020-07-02T09:12:31","slug":"safety-measures","status":"publish","type":"page","link":"https:\/\/napamermaidhotel.com\/de\/safety-measures\/","title":{"rendered":"Safety Measures Covid-19"},"content":{"rendered":"<p class=\"qtranxs-available-languages-message qtranxs-available-languages-message-de\">Leider ist der Eintrag nur auf <a href=\"https:\/\/napamermaidhotel.com\/en\/wp-json\/wp\/v2\/pages\/8798\" class=\"qtranxs-available-language-link qtranxs-available-language-link-en\" title=\"English\">Amerikanisches Englisch<\/a> verf\u00fcgbar. Der Inhalt wird unten in einer verf\u00fcgbaren Sprache angezeigt. Klicken Sie auf den Link, um die aktuelle Sprache zu \u00e4ndern.<\/p><p>[vc_row full_width=&#8220;stretch_row_content_no_spaces&#8220;][vc_column][vc_single_image image=&#8220;8442&#8243; img_size=&#8220;full&#8220;][\/vc_column][\/vc_row][vc_row][vc_column][vc_custom_heading text=&#8220;Safety Measures Covid-19&#8243; font_container=&#8220;tag:h2|text_align:center&#8220;][\/vc_column][\/vc_row][vc_row][vc_column width=&#8220;1\/3&#8243;][vc_column_text]Safety Measures English<\/p>\n<p><a href=\"https:\/\/napamermaidhotel.com\/wp-content\/uploads\/2020\/06\/Our-safety-controls-and-measures-En-V1.1.pdf\">Our safety controls and measures En V1.1<\/a>[\/vc_column_text][\/vc_column][vc_column width=&#8220;1\/3&#8243;][vc_column_text]Safety Measures German<\/p>\n<p><a href=\"https:\/\/napamermaidhotel.com\/wp-content\/uploads\/2020\/07\/Safety-Measure-Covid19-German.pdf\">Safety Measure Covid19 &#8211; German<\/a>[\/vc_column_text][\/vc_column][vc_column width=&#8220;1\/3&#8243;][vc_column_text]Safety Measures Russian<\/p>\n<p><a href=\"https:\/\/napamermaidhotel.com\/wp-content\/uploads\/2020\/07\/Safety-Measures-Covid19-Russian.pdf\">Safety Measures Covid19 &#8211; Russian<\/a>[\/vc_column_text][\/vc_column][\/vc_row]<\/p>","protected":false},"excerpt":{"rendered":"<p>Leider ist der Eintrag nur auf Amerikanisches Englisch verf\u00fcgbar. Der Inhalt wird unten in einer verf\u00fcgbaren Sprache angezeigt. Klicken Sie auf den Link, um die aktuelle Sprache zu \u00e4ndern.[vc_row full_width=&#8220;stretch_row_content_no_spaces&#8220;][vc_column][vc_single_image image=&#8220;8442&#8243; img_size=&#8220;full&#8220;][\/vc_column][\/vc_row][vc_row][vc_column][vc_custom_heading text=&#8220;Safety Measures Covid-19&#8243; font_container=&#8220;tag:h2|text_align:center&#8220;][\/vc_column][\/vc_row][vc_row][vc_column width=&#8220;1\/3&#8243;][vc_column_text]Safety Measures English Our safety controls and measures En V1.1[\/vc_column_text][\/vc_column][vc_column width=&#8220;1\/3&#8243;][vc_column_text]Safety Measures German Safety Measure Covid19 &#8211; German[\/vc_column_text][\/vc_column][vc_column width=&#8220;1\/3&#8243;][vc_column_text]Safety [&hellip;]<\/p>\n","protected":false},"author":1,"featured_media":0,"parent":0,"menu_order":0,"comment_status":"closed","ping_status":"closed","template":"","meta":{"footnotes":""},"_links":{"self":[{"href":"https:\/\/napamermaidhotel.com\/de\/wp-json\/wp\/v2\/pages\/8798"}],"collection":[{"href":"https:\/\/napamermaidhotel.com\/de\/wp-json\/wp\/v2\/pages"}],"about":[{"href":"https:\/\/napamermaidhotel.com\/de\/wp-json\/wp\/v2\/types\/page"}],"author":[{"embeddable":true,"href":"https:\/\/napamermaidhotel.com\/de\/wp-json\/wp\/v2\/users\/1"}],"replies":[{"embeddable":true,"href":"https:\/\/napamermaidhotel.com\/de\/wp-json\/wp\/v2\/comments?post=8798"}],"version-history":[{"count":6,"href":"https:\/\/napamermaidhotel.com\/de\/wp-json\/wp\/v2\/pages\/8798\/revisions"}],"predecessor-version":[{"id":8807,"href":"https:\/\/napamermaidhotel.com\/de\/wp-json\/wp\/v2\/pages\/8798\/revisions\/8807"}],"wp:attachment":[{"href":"https:\/\/napamermaidhotel.com\/de\/wp-json\/wp\/v2\/media?parent=8798"}],"curies":[{"name":"wp","href":"https:\/\/api.w.org\/{rel}","templated":true}]}}