{"id":8885,"date":"2020-11-26T17:58:07","date_gmt":"2020-11-26T17:58:07","guid":{"rendered":"https:\/\/napamermaidhotel.com\/?page_id=8885"},"modified":"2020-11-26T17:58:07","modified_gmt":"2020-11-26T17:58:07","slug":"8885-2","status":"publish","type":"page","link":"https:\/\/napamermaidhotel.com\/de\/8885-2\/","title":{"rendered":""},"content":{"rendered":"<p class=\"qtranxs-available-languages-message qtranxs-available-languages-message-de\">Leider ist der Eintrag nur auf <a href=\"https:\/\/napamermaidhotel.com\/en\/wp-json\/wp\/v2\/pages\/8885\" class=\"qtranxs-available-language-link qtranxs-available-language-link-en\" title=\"English\">Amerikanisches Englisch<\/a> verf\u00fcgbar. Der Inhalt wird unten in einer verf\u00fcgbaren Sprache angezeigt. Klicken Sie auf den Link, um die aktuelle Sprache zu \u00e4ndern.<\/p><p><\/p>\n<div style='text-align: center' itemscope itemtype=\"http:\/\/schema.org\/Organization\"><span style='display: none' itemprop=\"name\">Napa Mermaid Hotel &#038; Suites<\/span><\/p>\n<div itemprop=aggregateRating itemscope itemtype=\"http:\/\/schema.org\/AggregateRating\"><a href='https:\/\/www.kayak.co.uk\/Ayia-Napa-Hotels-Napa-Mermaid-Hotel-Suites.80907.ksp' target='_blank' rel=\"noopener noreferrer\"><img width='200' src='https:\/\/content.r9cdn.net\/seo-res\/badges\/v2\/ORANGE_LARGE_BEST_LUXURY_HOTEL_CY_en_GB.png' \/><\/a><\/p>\n<p style='color: black; font-size: 14px; font-family:Arial, Helvetica, sans-serif; margin: 4px 0;'>Traveller rating: <span itemprop=\"ratingvalue\">8.9<\/span><meta itemprop=\"bestRating\" content=\"10\"><\/meta><meta itemprop=\"ratingCount\" content='32'><\/meta> Excellent<\/p>\n<\/div>\n<\/div>\n<p><\/p>","protected":false},"excerpt":{"rendered":"<p>Leider ist der Eintrag nur auf Amerikanisches Englisch verf\u00fcgbar. Der Inhalt wird unten in einer verf\u00fcgbaren Sprache angezeigt. Klicken Sie auf den Link, um die aktuelle Sprache zu \u00e4ndern. Napa Mermaid Hotel &#038; Suites Traveller rating: 8.9 Excellent<\/p>\n","protected":false},"author":1,"featured_media":0,"parent":0,"menu_order":0,"comment_status":"closed","ping_status":"closed","template":"","meta":{"footnotes":""},"_links":{"self":[{"href":"https:\/\/napamermaidhotel.com\/de\/wp-json\/wp\/v2\/pages\/8885"}],"collection":[{"href":"https:\/\/napamermaidhotel.com\/de\/wp-json\/wp\/v2\/pages"}],"about":[{"href":"https:\/\/napamermaidhotel.com\/de\/wp-json\/wp\/v2\/types\/page"}],"author":[{"embeddable":true,"href":"https:\/\/napamermaidhotel.com\/de\/wp-json\/wp\/v2\/users\/1"}],"replies":[{"embeddable":true,"href":"https:\/\/napamermaidhotel.com\/de\/wp-json\/wp\/v2\/comments?post=8885"}],"version-history":[{"count":1,"href":"https:\/\/napamermaidhotel.com\/de\/wp-json\/wp\/v2\/pages\/8885\/revisions"}],"predecessor-version":[{"id":8886,"href":"https:\/\/napamermaidhotel.com\/de\/wp-json\/wp\/v2\/pages\/8885\/revisions\/8886"}],"wp:attachment":[{"href":"https:\/\/napamermaidhotel.com\/de\/wp-json\/wp\/v2\/media?parent=8885"}],"curies":[{"name":"wp","href":"https:\/\/api.w.org\/{rel}","templated":true}]}}